{"id":398,"date":"2024-01-24T06:18:04","date_gmt":"2024-01-24T05:18:04","guid":{"rendered":"https:\/\/burgerhouse.no\/meny\/"},"modified":"2024-02-22T15:28:02","modified_gmt":"2024-02-22T14:28:02","slug":"menu","status":"publish","type":"page","link":"https:\/\/burgerhouse.no\/en\/menu\/","title":{"rendered":"Our menu"},"content":{"rendered":"\r\n<h3>The Americans<\/h3>\r\n<h3>ROCKEFELLER<\/h3>\r\n<p>Ruccola, bl\u00e5muggost, chili\/l\u00f8k\/tomat marmelade<\/p>\r\n<p>kr.<\/p>\r\n<p>FlourGlutenLactose\/Milk<\/p>\r\n<h3>CHEESUS<\/h3>\r\n<p>Stekt l\u00f8k, sylteagurk, ost, sennep, ketchup<\/p>\r\n<p>kr.<\/p>\r\n<p>CeleryFlourGlutenLactose\/MilkMustard<\/p>\r\n<h3>NEBRASKAN<\/h3>\r\n<p>Bacon, ost, spicy ketchup<\/p>\r\n<p>kr.<\/p>\r\n<p>CeleryFlourGlutenLactose\/Milk<\/p>\r\n<h3>NEW YORKER<\/h3>\r\n<p>Stekt l\u00f8k, ost, sennep<\/p>\r\n<p>kr.<\/p>\r\n<p>FlourGlutenLactose\/MilkMustard<\/p>\r\n<!-- .pp-content-posts -->\r\n<h3>Craftburgers<\/h3>\r\n<h3>OLD MAN CHEESE<\/h3>\r\n<p>Salat, tomat, sitronmayo, cheddarost<\/p>\r\n<p>kr. 159,-\/+70,-<\/p>\r\n<p>EggFlourGlutenLactose\/Milk<\/p>\r\n<h3>TEXAS DREAM<\/h3>\r\n<p>Chilimayo, guacamole, ost, jalape\u00f1os, nacho chips, rom<\/p>\r\n<p>kr.<\/p>\r\n<p>EggFlourGlutenLactose\/Milk<\/p>\r\n<h3>ONION CARAMEL<\/h3>\r\n<p>Coleslaw, bacon, ost, karamellisert l\u00f8k, romano salat, tomat<\/p>\r\n<p>kr.<\/p>\r\n<p>CeleryEggFlourGlutenLactose\/MilkMustard<\/p>\r\n<h3>JUICY BACON<\/h3>\r\n<p>BBQ mayo, l\u00f8krelish, bacon, ost, romano salat, tomat<\/p>\r\n<p>kr.<\/p>\r\n<p>CeleryEggFlourGlutenLactose\/MilkMustard<\/p>\r\n<h3>PARMESANISSIMO<\/h3>\r\n<p>Tr\u00f8ffel og parmesan saus, spr\u00f8stekt bacon, revet parmesan, romano salat, tomat<\/p>\r\n<p>kr.<\/p>\r\n<p>EggFishFlourGlutenLactose\/Milk<\/p>\r\n<h3>A BURGER<\/h3>\r\n<p>R\u00f8dl\u00f8k, sylteagurk, sitronmayo, romanosalat, tomat<\/p>\r\n<p>kr. 159,-\/+70,-<\/p>\r\n<p>EggFlourGlutenLactose\/MilkMustard<\/p>\r\n<!-- .pp-content-posts -->\r\n<h3>Veggie<\/h3>\r\n<p>Sorry, we couldn&#8217;t find any posts. Please try a different search.<\/p>\r\n<form title=\"Type and press Enter to search.\" role=\"search\" action=\"https:\/\/burgerhouse.no\/en\/\" method=\"get\" aria-label=\"Search\"><input name=\"s\" type=\"search\" value=\"\" placeholder=\"Search\" aria-label=\"Search\" \/><\/form>\r\n<h3>Down South<\/h3>\r\n<h3>CHICKEN RUN<\/h3>\r\n<p>Panert kylling, mango curry, pico de gallo, romano salat, tomat<\/p>\r\n<p>kr.<\/p>\r\n<p>CeleryEggFishFlourGlutenLactose\/MilkMustard<\/p>\r\n<h3>CHICKEN QUESADILLA<\/h3>\r\n<p>Kylling, r\u00f8dl\u00f8k, mais, ost, salat, pico de gallo, jalape\u00f1os<\/p>\r\n<p>kr.<\/p>\r\n<p>EggFlourGlutenLactose\/MilkMustardSulfor dioxid<\/p>\r\n<h3>SWEET GEORGIA<\/h3>\r\n<p>Panert kylling, kremost, sweet chili saus, romano salat, tomat<\/p>\r\n<p>kr. 159,-<\/p>\r\n<p>CeleryEggFishFlourGlutenLactose\/Milk<\/p>\r\n<h3>SMOKED BBQ<\/h3>\r\n<p>Panert kylling, coleslaw, BBQ saus, l\u00f8kringer, romano salat, tomat<\/p>\r\n<p>kr.<\/p>\r\n<p>CeleryFishFlourGlutenLactose\/MilkMustard<\/p>\r\n<h3>CRISPY CHICKEN WINGS<\/h3>\r\n<p>Med BBQ saus<\/p>\r\n<p>kr.<\/p>\r\n<p>CeleryEggFishFlourGluten<\/p>\r\n<h3>CAESAR SALAD<\/h3>\r\n<p>Panert kylling, romano salat, bacon, parmesan, tr\u00f8ffel-parmesan dressing, nacho chips<\/p>\r\n<p>kr.<\/p>\r\n<p>CeleryEggFishFlourGlutenLactose\/Milk<\/p>\r\n<!-- .pp-content-posts -->\r\n<h3>Extra dips<\/h3>\r\n<h3>R\u00d8MME DRESSING<\/h3>\r\n<p>kr.<\/p>\r\n<p>EggLactose\/MilkSulfor dioxid<\/p>\r\n<h3>BBQ SAUS<\/h3>\r\n<p>kr.<\/p>\r\n<p>EggLactose\/MilkMustard<\/p>\r\n<h3>AIOLI<\/h3>\r\n<p>kr.<\/p>\r\n<p>Egg<\/p>\r\n<h3>SWEET CHILI<\/h3>\r\n<p>kr. 30,-<\/p>\r\n<p>Sulfor dioxid<\/p>\r\n<h3>TR\u00d8FFEL OG PARMESAN SAUS<\/h3>\r\n<p>kr.<\/p>\r\n<p>EggFishLactose\/Milk<\/p>\r\n<h3>BBQ MAYO<\/h3>\r\n<p>kr.<\/p>\r\n<p>CeleryEggMustard<\/p>\r\n<!-- .pp-content-posts -->\r\n<h3>Extra spicy dips<\/h3>\r\n<h3>HJEMMELAGET CHILISAUS***<\/h3>\r\n<p>Spicy***<\/p>\r\n<p>kr.<\/p>\r\n<p>EggLactose\/Milk<\/p>\r\n<h3>HJEMMELAGET CHILISAUS MED R\u00d8MME**<\/h3>\r\n<p>Spicy**<\/p>\r\n<p>kr. 35,-<\/p>\r\n<p>EggLactose\/Milk<\/p>\r\n<h3>CHILI MAYO*<\/h3>\r\n<p>Spicy*<\/p>\r\n<p>kr.<\/p>\r\n<p>Egg<\/p>\r\n<!-- .pp-content-posts -->\r\n<h3>Fries<\/h3>\r\n<h3>CHILI CHEESE BITES<\/h3>\r\n<p>Pris pr. stk<\/p>\r\n<p>kr.<\/p>\r\n<p>FlourGlutenLactose\/Milk<\/p>\r\n<h3>L\u00d8KRINGER<\/h3>\r\n<p>kr. 69,-<\/p>\r\n<p>FlourGluten<\/p>\r\n<h3>TRUFFLE &amp; PARMESAN FRIES &amp; AIOLI<\/h3>\r\n<p>kr.<\/p>\r\n<p>EggFlourGlutenLactose\/Milk<\/p>\r\n<h3>SWEET POTATO FRIES &amp; AIOLI<\/h3>\r\n<p>kr.<\/p>\r\n<p>EggFlourGluten<\/p>\r\n<h3>FRIES &amp; AIOLI<\/h3>\r\n<p>kr.<\/p>\r\n<p>Egg<\/p>\r\n<!-- .pp-content-posts -->\r\n<h3>Extra<\/h3>\r\n<h3>SYLTET CHILI<\/h3>\r\n<p>Pris pr. stk<\/p>\r\n<p>kr.<\/p>\r\n<h3>GLUTENFRITT BR\u00d8D<\/h3>\r\n<p>kr.<\/p>\r\n<p>Egg<\/p>\r\n<h3>BACON<\/h3>\r\n<p>kr.<\/p>\r\n<h3>OST<\/h3>\r\n<p>kr.<\/p>\r\n<p>Lactose\/Milk<\/p>\r\n<h3>HUSETS SALAT MIKS<\/h3>\r\n<p>kr. 49,-<\/p>\r\n<h3>COLESLAW<\/h3>\r\n<p>kr.<\/p>\r\n<p>CeleryEggMustard<\/p>\r\n<h3>SPEILEGG<\/h3>\r\n<p>kr.<\/p>\r\n<p>Egg<\/p>\r\n<h3>TOMAT SALAT<\/h3>\r\n<p>kr.<\/p>\r\n<!-- .pp-content-posts -->\r\n<h3>Kids Menu<\/h3>\r\n<h3>KIDS CRISPY CHICKEN<\/h3>\r\n<p>Panerte kyllingvinger, fries, BBQ saus,romanosalat, tomat<\/p>\r\n<p>kr.<\/p>\r\n<p>CeleryEggFlourGlutenLactose\/Milk<\/p>\r\n<h3>KIDS BURGER<\/h3>\r\n<p>Enkel burger, fries, ketchup, romano salat, tomat<\/p>\r\n<p>kr. 109,-<\/p>\r\n<p>CeleryFlourGlutenLactose\/Milk<\/p>\r\n<!-- .pp-content-posts -->\r\n<h3>Dessert<\/h3>\r\n<h3>CHOCOLATE FONDANT<\/h3>\r\n<p>Vanilla ice cream &amp; wild berries<\/p>\r\n<p>kr. 99,-<\/p>\r\n<p>EggFlourGlutenLactose\/Milk<\/p>\r\n<h3>BELGISK VAFFEL<\/h3>\r\n<p>nugatt og vaniljeis<\/p>\r\n<p>kr.<\/p>\r\n<p>EggFlourGlutenHazelnutsLactose\/MilkNutsSoya<\/p>\r\n<h3>VANILLA ICE CREAM<\/h3>\r\n<p>3 scoops of ice cream &amp; chocolate sauce<\/p>\r\n<p>kr. 75,-<\/p>\r\n<p>EggFlourGlutenLactose\/Milk<\/p>\r\n<h3>SJOKOLADEFONDANT<\/h3>\r\n<p>Vaniljeis<\/p>\r\n<p>kr.<\/p>\r\n<p>EggFlourGlutenLactose\/MilkSoya<\/p>\r\n<!-- .pp-content-posts -->","protected":false},"excerpt":{"rendered":"<p>The Americans ROCKEFELLER Ruccola, bl\u00e5muggost, chili\/l\u00f8k\/tomat marmelade kr. FlourGlutenLactose\/Milk CHEESUS Stekt l\u00f8k, sylteagurk, ost, sennep, ketchup kr. CeleryFlourGlutenLactose\/MilkMustard NEBRASKAN Bacon, ost, spicy ketchup kr. CeleryFlourGlutenLactose\/Milk NEW YORKER Stekt l\u00f8k, ost, sennep kr. FlourGlutenLactose\/MilkMustard Craftburgers OLD MAN CHEESE Salat, tomat, sitronmayo, cheddarost kr. 159,-\/+70,- EggFlourGlutenLactose\/Milk TEXAS DREAM Chilimayo, guacamole, ost, jalape\u00f1os, nacho chips, rom kr. EggFlourGlutenLactose\/Milk&hellip;<\/p>\n","protected":false},"author":10,"featured_media":0,"parent":0,"menu_order":0,"comment_status":"closed","ping_status":"closed","template":"","meta":{"_acf_changed":false,"inline_featured_image":false,"footnotes":""},"class_list":["post-398","page","type-page","status-publish","hentry"],"acf":[],"_links":{"self":[{"href":"https:\/\/burgerhouse.no\/en\/wp-json\/wp\/v2\/pages\/398","targetHints":{"allow":["GET"]}}],"collection":[{"href":"https:\/\/burgerhouse.no\/en\/wp-json\/wp\/v2\/pages"}],"about":[{"href":"https:\/\/burgerhouse.no\/en\/wp-json\/wp\/v2\/types\/page"}],"author":[{"embeddable":true,"href":"https:\/\/burgerhouse.no\/en\/wp-json\/wp\/v2\/users\/10"}],"replies":[{"embeddable":true,"href":"https:\/\/burgerhouse.no\/en\/wp-json\/wp\/v2\/comments?post=398"}],"version-history":[{"count":0,"href":"https:\/\/burgerhouse.no\/en\/wp-json\/wp\/v2\/pages\/398\/revisions"}],"wp:attachment":[{"href":"https:\/\/burgerhouse.no\/en\/wp-json\/wp\/v2\/media?parent=398"}],"curies":[{"name":"wp","href":"https:\/\/api.w.org\/{rel}","templated":true}]}}